{"id":20,"date":"2025-01-27T10:39:23","date_gmt":"2025-01-27T09:39:23","guid":{"rendered":"http:\/\/topnature.rodolfodebernardi.com\/?page_id=20"},"modified":"2025-03-10T08:36:42","modified_gmt":"2025-03-10T07:36:42","slug":"home","status":"publish","type":"page","link":"https:\/\/topnature.rodolfodebernardi.com\/en\/","title":{"rendered":"Home"},"content":{"rendered":"<div data-elementor-type=\"wp-page\" data-elementor-id=\"20\" class=\"elementor elementor-20\">\n\t\t\t\t<div class=\"elementor-element elementor-element-9d455fb e-flex e-con-boxed wpr-particle-no wpr-jarallax-no wpr-parallax-no wpr-sticky-section-no e-con e-parent\" data-id=\"9d455fb\" data-element_type=\"container\" data-settings=\"{&quot;background_background&quot;:&quot;slideshow&quot;,&quot;background_slideshow_gallery&quot;:[{&quot;id&quot;:999,&quot;url&quot;:&quot;https:\\\/\\\/topnature.rodolfodebernardi.com\\\/wp-content\\\/uploads\\\/2025\\\/02\\\/00_HOM_PAGE-foto_02.jpg&quot;},{&quot;id&quot;:998,&quot;url&quot;:&quot;https:\\\/\\\/topnature.rodolfodebernardi.com\\\/wp-content\\\/uploads\\\/2025\\\/02\\\/00_HOM_PAGE-foto_01.jpg&quot;},{&quot;id&quot;:1000,&quot;url&quot;:&quot;https:\\\/\\\/topnature.rodolfodebernardi.com\\\/wp-content\\\/uploads\\\/2025\\\/02\\\/00_HOM_PAGE-foto_03.jpg&quot;},{&quot;id&quot;:1001,&quot;url&quot;:&quot;https:\\\/\\\/topnature.rodolfodebernardi.com\\\/wp-content\\\/uploads\\\/2025\\\/02\\\/00_HOM_PAGE-foto_04.jpg&quot;},{&quot;id&quot;:1002,&quot;url&quot;:&quot;https:\\\/\\\/topnature.rodolfodebernardi.com\\\/wp-content\\\/uploads\\\/2025\\\/02\\\/00_HOM_PAGE-foto_05.jpg&quot;}],&quot;background_slideshow_transition_duration&quot;:2500,&quot;background_slideshow_ken_burns&quot;:&quot;yes&quot;,&quot;background_slideshow_loop&quot;:&quot;yes&quot;,&quot;background_slideshow_slide_duration&quot;:5000,&quot;background_slideshow_slide_transition&quot;:&quot;fade&quot;,&quot;background_slideshow_ken_burns_zoom_direction&quot;:&quot;in&quot;}\">\n\t\t\t\t\t<div class=\"e-con-inner\">\n\t\t\t\t\t<\/div>\n\t\t\t\t<\/div>\n\t\t<div class=\"elementor-element elementor-element-ffa907b e-flex e-con-boxed wpr-particle-no wpr-jarallax-no wpr-parallax-no wpr-sticky-section-no e-con e-parent\" data-id=\"ffa907b\" data-element_type=\"container\">\n\t\t\t\t\t<div class=\"e-con-inner\">\n\t\t\t\t<div class=\"elementor-element elementor-element-3b7a7ca elementor-widget elementor-widget-heading\" data-id=\"3b7a7ca\" data-element_type=\"widget\" data-widget_type=\"heading.default\">\n\t\t\t\t<div class=\"elementor-widget-container\">\n\t\t\t\t\t<h2 class=\"elementor-heading-title elementor-size-default\">works<\/h2>\t\t\t\t<\/div>\n\t\t\t\t<\/div>\n\t\t\t\t<div class=\"elementor-element elementor-element-3f73ba6 elementor-widget elementor-widget-button\" data-id=\"3f73ba6\" data-element_type=\"widget\" data-widget_type=\"button.default\">\n\t\t\t\t<div class=\"elementor-widget-container\">\n\t\t\t\t\t\t\t\t\t<div class=\"elementor-button-wrapper\">\n\t\t\t\t\t<a class=\"elementor-button elementor-button-link elementor-size-sm elementor-animation-grow\" href=\"https:\/\/topnature.rodolfodebernardi.com\/en\/opere\/\">\n\t\t\t\t\t\t<span class=\"elementor-button-content-wrapper\">\n\t\t\t\t\t\t<span class=\"elementor-button-icon\">\n\t\t\t\t<svg aria-hidden=\"true\" class=\"e-font-icon-svg e-fas-arrow-right\" viewbox=\"0 0 448 512\" xmlns=\"http:\/\/www.w3.org\/2000\/svg\"><path d=\"M190.5 66.9l22.2-22.2c9.4-9.4 24.6-9.4 33.9 0L441 239c9.4 9.4 9.4 24.6 0 33.9L246.6 467.3c-9.4 9.4-24.6 9.4-33.9 0l-22.2-22.2c-9.5-9.5-9.3-25 .4-34.3L311.4 296H24c-13.3 0-24-10.7-24-24v-32c0-13.3 10.7-24 24-24h287.4L190.9 101.2c-9.8-9.3-10-24.8-.4-34.3z\"><\/path><\/svg>\t\t\t<\/span>\n\t\t\t\t\t\t\t\t\t<span class=\"elementor-button-text\">see all<\/span>\n\t\t\t\t\t<\/span>\n\t\t\t\t\t<\/a>\n\t\t\t\t<\/div>\n\t\t\t\t\t\t\t\t<\/div>\n\t\t\t\t<\/div>\n\t\t\t\t\t<\/div>\n\t\t\t\t<\/div>\n\t\t<div class=\"elementor-element elementor-element-638962b e-flex e-con-boxed wpr-particle-no wpr-jarallax-no wpr-parallax-no wpr-sticky-section-no e-con e-parent\" data-id=\"638962b\" data-element_type=\"container\">\n\t\t\t\t\t<div class=\"e-con-inner\">\n\t\t<div class=\"elementor-element elementor-element-5bd0162 e-con-full animated-slow e-flex wpr-particle-no wpr-jarallax-no wpr-parallax-no wpr-sticky-section-no elementor-invisible e-con e-child\" data-id=\"5bd0162\" data-element_type=\"container\" data-settings=\"{&quot;animation&quot;:&quot;fadeInUp&quot;}\">\n\t\t\t\t<div class=\"elementor-element elementor-element-ec11917 wpr-promo-box-style-cover elementor-widget elementor-widget-wpr-promo-box\" data-id=\"ec11917\" data-element_type=\"widget\" data-widget_type=\"wpr-promo-box.default\">\n\t\t\t\t<div class=\"elementor-widget-container\">\n\t\t\t\t\t\n\t\t<div class=\"wpr-promo-box wpr-animation-wrap\">\n\n\t\t\t\t\t\t<a class=\"wpr-promo-box-link\" href=\"https:\/\/topnature.rodolfodebernardi.com\/en\/opere\/maele\/\"><\/a>\t\n\t\t\t\t\t\t\t\n\t\t\t\t\t\t\t<div class=\"wpr-promo-box-image\">\n\t\t\t\t\t<div class=\"wpr-promo-box-bg-image wpr-bg-anim-zoom-in wpr-anim-timing-ease-default\" style=\"background-image:url(https:\/\/topnature.rodolfodebernardi.com\/wp-content\/uploads\/2025\/01\/IM_01_Maele-scaled.jpg);\"><\/div>\n\t\t\t\t\t<div class=\"wpr-promo-box-bg-overlay wpr-border-anim-none\"><\/div>\n\t\t\t\t<\/div>\n\t\t\t\t\t\t\n\t\t\t<div class=\"wpr-promo-box-content\">\n\n\t\t\t\t\t\t\t\t<div class=\"wpr-promo-box-icon\">\n\t\t\t\t\t\t\t\t\t<\/div>\n\t\t\t\t\n\t\t\t\t<h3 class=\"wpr-promo-box-title\"><span>Maele<\/span><\/h3>\n\t\t\t\t\t\t\t\t\t<div class=\"wpr-promo-box-description\">\n\t\t\t\t\t\t<p><p>100 x 70<br \/>2024<\/p><\/p>\t\n\t\t\t\t\t<\/div>\t\t\t\t\t\t\n\t\t\t\t\n\t\t\t\t\t\t\t<\/div>\n\n\t\t\t\t\t<\/div>\n\n\t\t\t\t\t\t<\/div>\n\t\t\t\t<\/div>\n\t\t\t\t<\/div>\n\t\t<div class=\"elementor-element elementor-element-6daa41a e-con-full animated-slow e-flex wpr-particle-no wpr-jarallax-no wpr-parallax-no wpr-sticky-section-no elementor-invisible e-con e-child\" data-id=\"6daa41a\" data-element_type=\"container\" data-settings=\"{&quot;animation&quot;:&quot;fadeInUp&quot;,&quot;animation_delay&quot;:200}\">\n\t\t\t\t<div class=\"elementor-element elementor-element-d75c565 wpr-promo-box-style-cover elementor-widget elementor-widget-wpr-promo-box\" data-id=\"d75c565\" data-element_type=\"widget\" data-widget_type=\"wpr-promo-box.default\">\n\t\t\t\t<div class=\"elementor-widget-container\">\n\t\t\t\t\t\n\t\t<div class=\"wpr-promo-box wpr-animation-wrap\">\n\n\t\t\t\t\t\t<a class=\"wpr-promo-box-link\" href=\"https:\/\/topnature.rodolfodebernardi.com\/en\/opere\/aderin\/\"><\/a>\t\n\t\t\t\t\t\t\t\n\t\t\t\t\t\t\t<div class=\"wpr-promo-box-image\">\n\t\t\t\t\t<div class=\"wpr-promo-box-bg-image wpr-bg-anim-zoom-in wpr-anim-timing-ease-default\" style=\"background-image:url(https:\/\/topnature.rodolfodebernardi.com\/wp-content\/uploads\/2025\/01\/IM_04_Aderin-scaled-e1739975323413.jpg);\"><\/div>\n\t\t\t\t\t<div class=\"wpr-promo-box-bg-overlay wpr-border-anim-none\"><\/div>\n\t\t\t\t<\/div>\n\t\t\t\t\t\t\n\t\t\t<div class=\"wpr-promo-box-content\">\n\n\t\t\t\t\t\t\t\t<div class=\"wpr-promo-box-icon\">\n\t\t\t\t\t\t\t\t\t<\/div>\n\t\t\t\t\n\t\t\t\t<h3 class=\"wpr-promo-box-title\"><span>Aderin<\/span><\/h3>\n\t\t\t\t\t\t\t\t\t<div class=\"wpr-promo-box-description\">\n\t\t\t\t\t\t<p><p>100 x 70<br \/>2024<\/p><\/p>\t\n\t\t\t\t\t<\/div>\t\t\t\t\t\t\n\t\t\t\t\n\t\t\t\t\t\t\t<\/div>\n\n\t\t\t\t\t<\/div>\n\n\t\t\t\t\t\t<\/div>\n\t\t\t\t<\/div>\n\t\t\t\t<\/div>\n\t\t<div class=\"elementor-element elementor-element-59d223e e-con-full animated-slow e-flex wpr-particle-no wpr-jarallax-no wpr-parallax-no wpr-sticky-section-no elementor-invisible e-con e-child\" data-id=\"59d223e\" data-element_type=\"container\" data-settings=\"{&quot;animation&quot;:&quot;fadeInUp&quot;,&quot;animation_delay&quot;:400}\">\n\t\t\t\t<div class=\"elementor-element elementor-element-bc92346 wpr-promo-box-style-cover elementor-widget elementor-widget-wpr-promo-box\" data-id=\"bc92346\" data-element_type=\"widget\" data-widget_type=\"wpr-promo-box.default\">\n\t\t\t\t<div class=\"elementor-widget-container\">\n\t\t\t\t\t\n\t\t<div class=\"wpr-promo-box wpr-animation-wrap\">\n\n\t\t\t\t\t\t<a class=\"wpr-promo-box-link\" href=\"https:\/\/topnature.rodolfodebernardi.com\/en\/opere\/pardy\/\"><\/a>\t\n\t\t\t\t\t\t\t\n\t\t\t\t\t\t\t<div class=\"wpr-promo-box-image\">\n\t\t\t\t\t<div class=\"wpr-promo-box-bg-image wpr-bg-anim-zoom-in wpr-anim-timing-ease-default\" style=\"background-image:url(https:\/\/topnature.rodolfodebernardi.com\/wp-content\/uploads\/2025\/01\/IM_011_Pardy-scaled.jpg);\"><\/div>\n\t\t\t\t\t<div class=\"wpr-promo-box-bg-overlay wpr-border-anim-none\"><\/div>\n\t\t\t\t<\/div>\n\t\t\t\t\t\t\n\t\t\t<div class=\"wpr-promo-box-content\">\n\n\t\t\t\t\t\t\t\t<div class=\"wpr-promo-box-icon\">\n\t\t\t\t\t\t\t\t\t<\/div>\n\t\t\t\t\n\t\t\t\t<h3 class=\"wpr-promo-box-title\"><span>Pardy<\/span><\/h3>\n\t\t\t\t\t\t\t\t\t<div class=\"wpr-promo-box-description\">\n\t\t\t\t\t\t<p><p>100 x 70<br \/>2024<\/p><\/p>\t\n\t\t\t\t\t<\/div>\t\t\t\t\t\t\n\t\t\t\t\n\t\t\t\t\t\t\t<\/div>\n\n\t\t\t\t\t<\/div>\n\n\t\t\t\t\t\t<\/div>\n\t\t\t\t<\/div>\n\t\t\t\t<\/div>\n\t\t<div class=\"elementor-element elementor-element-0a67e1c e-con-full elementor-hidden-tablet animated-slow e-flex wpr-particle-no wpr-jarallax-no wpr-parallax-no wpr-sticky-section-no elementor-invisible e-con e-child\" data-id=\"0a67e1c\" data-element_type=\"container\" data-settings=\"{&quot;animation&quot;:&quot;fadeInUp&quot;,&quot;animation_delay&quot;:600}\">\n\t\t\t\t<div class=\"elementor-element elementor-element-203893f wpr-promo-box-style-cover elementor-widget elementor-widget-wpr-promo-box\" data-id=\"203893f\" data-element_type=\"widget\" data-widget_type=\"wpr-promo-box.default\">\n\t\t\t\t<div class=\"elementor-widget-container\">\n\t\t\t\t\t\n\t\t<div class=\"wpr-promo-box wpr-animation-wrap\">\n\n\t\t\t\t\t\t<a class=\"wpr-promo-box-link\" href=\"https:\/\/topnature.rodolfodebernardi.com\/en\/opere\/yukiko\/\"><\/a>\t\n\t\t\t\t\t\t\t\n\t\t\t\t\t\t\t<div class=\"wpr-promo-box-image\">\n\t\t\t\t\t<div class=\"wpr-promo-box-bg-image wpr-bg-anim-zoom-in wpr-anim-timing-ease-default\" style=\"background-image:url(https:\/\/topnature.rodolfodebernardi.com\/wp-content\/uploads\/2025\/01\/IM_07_Yukiko-scaled-e1739977762769.jpg);\"><\/div>\n\t\t\t\t\t<div class=\"wpr-promo-box-bg-overlay wpr-border-anim-none\"><\/div>\n\t\t\t\t<\/div>\n\t\t\t\t\t\t\n\t\t\t<div class=\"wpr-promo-box-content\">\n\n\t\t\t\t\t\t\t\t<div class=\"wpr-promo-box-icon\">\n\t\t\t\t\t\t\t\t\t<\/div>\n\t\t\t\t\n\t\t\t\t<h3 class=\"wpr-promo-box-title\"><span>Yukiko<\/span><\/h3>\n\t\t\t\t\t\t\t\t\t<div class=\"wpr-promo-box-description\">\n\t\t\t\t\t\t<p><p>100 x 70<br \/>2024<\/p><\/p>\t\n\t\t\t\t\t<\/div>\t\t\t\t\t\t\n\t\t\t\t\n\t\t\t\t\t\t\t<\/div>\n\n\t\t\t\t\t<\/div>\n\n\t\t\t\t\t\t<\/div>\n\t\t\t\t<\/div>\n\t\t\t\t<\/div>\n\t\t<div class=\"elementor-element elementor-element-cb7d348 e-con-full elementor-hidden-tablet elementor-hidden-mobile animated-slow e-flex wpr-particle-no wpr-jarallax-no wpr-parallax-no wpr-sticky-section-no elementor-invisible e-con e-child\" data-id=\"cb7d348\" data-element_type=\"container\" data-settings=\"{&quot;animation&quot;:&quot;fadeInUp&quot;,&quot;animation_delay&quot;:800}\">\n\t\t\t\t<div class=\"elementor-element elementor-element-9d4c170 wpr-promo-box-style-cover elementor-widget elementor-widget-wpr-promo-box\" data-id=\"9d4c170\" data-element_type=\"widget\" data-widget_type=\"wpr-promo-box.default\">\n\t\t\t\t<div class=\"elementor-widget-container\">\n\t\t\t\t\t\n\t\t<div class=\"wpr-promo-box wpr-animation-wrap\">\n\n\t\t\t\t\t\t<a class=\"wpr-promo-box-link\" href=\"https:\/\/topnature.rodolfodebernardi.com\/en\/opere\/iryna\/\"><\/a>\t\n\t\t\t\t\t\t\t\n\t\t\t\t\t\t\t<div class=\"wpr-promo-box-image\">\n\t\t\t\t\t<div class=\"wpr-promo-box-bg-image wpr-bg-anim-zoom-in wpr-anim-timing-ease-default\" style=\"background-image:url(https:\/\/topnature.rodolfodebernardi.com\/wp-content\/uploads\/2025\/01\/IM_015_Iryna-scaled-e1739977833328.jpg);\"><\/div>\n\t\t\t\t\t<div class=\"wpr-promo-box-bg-overlay wpr-border-anim-none\"><\/div>\n\t\t\t\t<\/div>\n\t\t\t\t\t\t\n\t\t\t<div class=\"wpr-promo-box-content\">\n\n\t\t\t\t\t\t\t\t<div class=\"wpr-promo-box-icon\">\n\t\t\t\t\t\t\t\t\t<\/div>\n\t\t\t\t\n\t\t\t\t<h3 class=\"wpr-promo-box-title\"><span>Iryna<\/span><\/h3>\n\t\t\t\t\t\t\t\t\t<div class=\"wpr-promo-box-description\">\n\t\t\t\t\t\t<p><p>100 x 70<br \/>2024<\/p><\/p>\t\n\t\t\t\t\t<\/div>\t\t\t\t\t\t\n\t\t\t\t\n\t\t\t\t\t\t\t<\/div>\n\n\t\t\t\t\t<\/div>\n\n\t\t\t\t\t\t<\/div>\n\t\t\t\t<\/div>\n\t\t\t\t<\/div>\n\t\t\t\t\t<\/div>\n\t\t\t\t<\/div>\n\t\t<div class=\"elementor-element elementor-element-c090295 e-flex e-con-boxed wpr-particle-no wpr-jarallax-no wpr-parallax-no wpr-sticky-section-no e-con e-parent\" data-id=\"c090295\" data-element_type=\"container\" data-settings=\"{&quot;background_background&quot;:&quot;classic&quot;}\">\n\t\t\t\t\t<div class=\"e-con-inner\">\n\t\t\t\t<div class=\"elementor-element elementor-element-227bdc3 elementor-widget elementor-widget-heading\" data-id=\"227bdc3\" data-element_type=\"widget\" data-widget_type=\"heading.default\">\n\t\t\t\t<div class=\"elementor-widget-container\">\n\t\t\t\t\t<h2 class=\"elementor-heading-title elementor-size-default\">description of the works<\/h2>\t\t\t\t<\/div>\n\t\t\t\t<\/div>\n\t\t\t\t<div class=\"elementor-element elementor-element-1b0eb4b elementor-widget elementor-widget-text-editor\" data-id=\"1b0eb4b\" data-element_type=\"widget\" data-widget_type=\"text-editor.default\">\n\t\t\t\t<div class=\"elementor-widget-container\">\n\t\t\t\t\t\t\t\t\t<p>The works are presented as portraits in the photographic style typical of fashion and advertising studios. Each piece, displayed in an American box frame, is printed on high-quality German museum-grade paper, the Baryta Hahnem\u00fchle cotton, measuring 100x70 cm, and mounted on panels. The finish is a high-resistance glossy varnish. Each piece is then personalized with various artistic interventions, making every artwork unique. The project, in its entirety, includes more than 120 pieces.<\/p><p>Each top model is a creation of fantasy, digitally crafted and inspired by women worldwide, each with a name that connects them to their respective group in the natural kingdom.<\/p><p>The female figures, enveloped in an atmosphere of mystery and sensuality, merge with nature\u2019s wonderful forms and colors, becoming living symbols of concepts that represent the rules used by nature to create beauty.<\/p><p>This visual and tactile experience is enriched by innovative use of materials, leveraging optical principles for colors, such as iridescence, shimmering, fluorescence, transparency, and the reflective nature of light.<\/p>\t\t\t\t\t\t\t\t<\/div>\n\t\t\t\t<\/div>\n\t\t\t\t\t<\/div>\n\t\t\t\t<\/div>\n\t\t\t\t<\/div>","protected":false},"excerpt":{"rendered":"<p>opere vedi tutto Maele 100 x 702024 Aderin 100 x 702024 Pardy 100 x 702024 Yukiko 100 x 702024 Iryna 100 x 702024 descrizione delle opere Le opere si presentano come ritratti nello stile fotografico tipico degli studi di moda e pubblicit\u00e0. Ogni opera, presentata con una cornice a cassetta americana, \u00e8 stampata su\u00a0 carta museale tedesca di grande pregio, in cotone Baryta Hahnem\u00fchle, nella misura di 100&#215;70 cm. ed \u00e8 incollata su pannelli. La finitura \u00e8 una verniciatura lucida ad alta resistenza. Successivamente viene personalizzata con interventi artistici di vario genere. Questa complessit\u00e0 e variet\u00e0 di dettagli rende ogni pezzo unico. Il progetto, nel suo complesso, prevede pi\u00f9 di 120 opere. Ogni top model \u00e8 una creazione di fantasia, realizzata digitalmente, e ispirata a donne provenienti da ogni parte del mondo, ciascuna con un proprio nome che la inserisce nel gruppo del regno naturale di appartenenza. Le figure femminili, avvolte da un&#8217;atmosfera di mistero e sensualit\u00e0, si fondono con le meravigliose forme e colori della natura, diventando simboli viventi di concetti che alludono alle regole utilizzate dalla stessa natura per creare la bellezza. Questa esperienza visiva e tattile si arricchisce di un uso innovativo dei materiali, sfruttando alcuni principi ottici per i colori, come l\u2019iridescenza, la cangianza, la fluorescenza, la trasparenza e la specularit\u00e0 della luce.<\/p>","protected":false},"author":2,"featured_media":30,"parent":0,"menu_order":0,"comment_status":"closed","ping_status":"closed","template":"","meta":{"footnotes":""},"class_list":["post-20","page","type-page","status-publish","has-post-thumbnail","hentry"],"yoast_head":"<!-- This site is optimized with the Yoast SEO plugin v24.6 - https:\/\/yoast.com\/wordpress\/plugins\/seo\/ -->\n<title>Top Nature by Rudy Debe<\/title>\n<meta name=\"description\" content=\"Le figure femminili, avvolte da un\u2019atmosfera di mistero e sensualit\u00e0, si fondono con le meravigliose forme e colori della natura, diventando simboli viventi di concetti che alludono alle regole utilizzate dalla stessa natura per creare la bellezza.\" \/>\n<meta name=\"robots\" content=\"index, follow, max-snippet:-1, max-image-preview:large, max-video-preview:-1\" \/>\n<link rel=\"canonical\" href=\"https:\/\/topnature.rodolfodebernardi.com\/en\/\" \/>\n<meta property=\"og:locale\" content=\"en_US\" \/>\n<meta property=\"og:type\" content=\"article\" \/>\n<meta property=\"og:title\" content=\"Top Nature by Rudy Debe\" \/>\n<meta property=\"og:description\" content=\"Le figure femminili, avvolte da un\u2019atmosfera di mistero e sensualit\u00e0, si fondono con le meravigliose forme e colori della natura, diventando simboli viventi di concetti che alludono alle regole utilizzate dalla stessa natura per creare la bellezza.\" \/>\n<meta property=\"og:url\" content=\"https:\/\/topnature.rodolfodebernardi.com\/en\/\" \/>\n<meta property=\"og:site_name\" content=\"Top Nature\" \/>\n<meta property=\"article:modified_time\" content=\"2025-03-10T07:36:42+00:00\" \/>\n<meta property=\"og:image\" content=\"https:\/\/topnature.rodolfodebernardi.com\/wp-content\/uploads\/2025\/01\/Cut.jpg\" \/>\n\t<meta property=\"og:image:width\" content=\"2542\" \/>\n\t<meta property=\"og:image:height\" content=\"1587\" \/>\n\t<meta property=\"og:image:type\" content=\"image\/jpeg\" \/>\n<meta name=\"twitter:card\" content=\"summary_large_image\" \/>\n<meta name=\"twitter:label1\" content=\"Est. reading time\" \/>\n\t<meta name=\"twitter:data1\" content=\"2 minutes\" \/>\n<script type=\"application\/ld+json\" class=\"yoast-schema-graph\">{\"@context\":\"https:\/\/schema.org\",\"@graph\":[{\"@type\":\"WebPage\",\"@id\":\"https:\/\/topnature.rodolfodebernardi.com\/\",\"url\":\"https:\/\/topnature.rodolfodebernardi.com\/\",\"name\":\"Top Nature by Rudy Debe\",\"isPartOf\":{\"@id\":\"https:\/\/topnature.rodolfodebernardi.com\/#website\"},\"primaryImageOfPage\":{\"@id\":\"https:\/\/topnature.rodolfodebernardi.com\/#primaryimage\"},\"image\":{\"@id\":\"https:\/\/topnature.rodolfodebernardi.com\/#primaryimage\"},\"thumbnailUrl\":\"https:\/\/topnature.rodolfodebernardi.com\/wp-content\/uploads\/2025\/01\/Cut.jpg\",\"datePublished\":\"2025-01-27T09:39:23+00:00\",\"dateModified\":\"2025-03-10T07:36:42+00:00\",\"description\":\"Le figure femminili, avvolte da un\u2019atmosfera di mistero e sensualit\u00e0, si fondono con le meravigliose forme e colori della natura, diventando simboli viventi di concetti che alludono alle regole utilizzate dalla stessa natura per creare la bellezza.\",\"breadcrumb\":{\"@id\":\"https:\/\/topnature.rodolfodebernardi.com\/#breadcrumb\"},\"inLanguage\":\"en-US\",\"potentialAction\":[{\"@type\":\"ReadAction\",\"target\":[\"https:\/\/topnature.rodolfodebernardi.com\/\"]}]},{\"@type\":\"ImageObject\",\"inLanguage\":\"en-US\",\"@id\":\"https:\/\/topnature.rodolfodebernardi.com\/#primaryimage\",\"url\":\"https:\/\/topnature.rodolfodebernardi.com\/wp-content\/uploads\/2025\/01\/Cut.jpg\",\"contentUrl\":\"https:\/\/topnature.rodolfodebernardi.com\/wp-content\/uploads\/2025\/01\/Cut.jpg\",\"width\":2542,\"height\":1587},{\"@type\":\"BreadcrumbList\",\"@id\":\"https:\/\/topnature.rodolfodebernardi.com\/#breadcrumb\",\"itemListElement\":[{\"@type\":\"ListItem\",\"position\":1,\"name\":\"Home\",\"item\":\"https:\/\/topnature.rodolfodebernardi.com\/\"},{\"@type\":\"ListItem\",\"position\":2,\"name\":\"Home\"}]},{\"@type\":\"WebSite\",\"@id\":\"https:\/\/topnature.rodolfodebernardi.com\/#website\",\"url\":\"https:\/\/topnature.rodolfodebernardi.com\/\",\"name\":\"Top Nature\",\"description\":\"by Rudy Debe\",\"potentialAction\":[{\"@type\":\"SearchAction\",\"target\":{\"@type\":\"EntryPoint\",\"urlTemplate\":\"https:\/\/topnature.rodolfodebernardi.com\/?s={search_term_string}\"},\"query-input\":{\"@type\":\"PropertyValueSpecification\",\"valueRequired\":true,\"valueName\":\"search_term_string\"}}],\"inLanguage\":\"en-US\"}]}<\/script>\n<!-- \/ Yoast SEO plugin. -->","yoast_head_json":{"title":"Top Nature by Rudy Debe","description":"Le figure femminili, avvolte da un\u2019atmosfera di mistero e sensualit\u00e0, si fondono con le meravigliose forme e colori della natura, diventando simboli viventi di concetti che alludono alle regole utilizzate dalla stessa natura per creare la bellezza.","robots":{"index":"index","follow":"follow","max-snippet":"max-snippet:-1","max-image-preview":"max-image-preview:large","max-video-preview":"max-video-preview:-1"},"canonical":"https:\/\/topnature.rodolfodebernardi.com\/en\/","og_locale":"en_US","og_type":"article","og_title":"Top Nature by Rudy Debe","og_description":"Le figure femminili, avvolte da un\u2019atmosfera di mistero e sensualit\u00e0, si fondono con le meravigliose forme e colori della natura, diventando simboli viventi di concetti che alludono alle regole utilizzate dalla stessa natura per creare la bellezza.","og_url":"https:\/\/topnature.rodolfodebernardi.com\/en\/","og_site_name":"Top Nature","article_modified_time":"2025-03-10T07:36:42+00:00","og_image":[{"width":2542,"height":1587,"url":"https:\/\/topnature.rodolfodebernardi.com\/wp-content\/uploads\/2025\/01\/Cut.jpg","type":"image\/jpeg"}],"twitter_card":"summary_large_image","twitter_misc":{"Est. reading time":"2 minutes"},"schema":{"@context":"https:\/\/schema.org","@graph":[{"@type":"WebPage","@id":"https:\/\/topnature.rodolfodebernardi.com\/","url":"https:\/\/topnature.rodolfodebernardi.com\/","name":"Top Nature by Rudy Debe","isPartOf":{"@id":"https:\/\/topnature.rodolfodebernardi.com\/#website"},"primaryImageOfPage":{"@id":"https:\/\/topnature.rodolfodebernardi.com\/#primaryimage"},"image":{"@id":"https:\/\/topnature.rodolfodebernardi.com\/#primaryimage"},"thumbnailUrl":"https:\/\/topnature.rodolfodebernardi.com\/wp-content\/uploads\/2025\/01\/Cut.jpg","datePublished":"2025-01-27T09:39:23+00:00","dateModified":"2025-03-10T07:36:42+00:00","description":"Le figure femminili, avvolte da un\u2019atmosfera di mistero e sensualit\u00e0, si fondono con le meravigliose forme e colori della natura, diventando simboli viventi di concetti che alludono alle regole utilizzate dalla stessa natura per creare la bellezza.","breadcrumb":{"@id":"https:\/\/topnature.rodolfodebernardi.com\/#breadcrumb"},"inLanguage":"en-US","potentialAction":[{"@type":"ReadAction","target":["https:\/\/topnature.rodolfodebernardi.com\/"]}]},{"@type":"ImageObject","inLanguage":"en-US","@id":"https:\/\/topnature.rodolfodebernardi.com\/#primaryimage","url":"https:\/\/topnature.rodolfodebernardi.com\/wp-content\/uploads\/2025\/01\/Cut.jpg","contentUrl":"https:\/\/topnature.rodolfodebernardi.com\/wp-content\/uploads\/2025\/01\/Cut.jpg","width":2542,"height":1587},{"@type":"BreadcrumbList","@id":"https:\/\/topnature.rodolfodebernardi.com\/#breadcrumb","itemListElement":[{"@type":"ListItem","position":1,"name":"Home","item":"https:\/\/topnature.rodolfodebernardi.com\/"},{"@type":"ListItem","position":2,"name":"Home"}]},{"@type":"WebSite","@id":"https:\/\/topnature.rodolfodebernardi.com\/#website","url":"https:\/\/topnature.rodolfodebernardi.com\/","name":"Top Nature","description":"by Rudy Debe","potentialAction":[{"@type":"SearchAction","target":{"@type":"EntryPoint","urlTemplate":"https:\/\/topnature.rodolfodebernardi.com\/?s={search_term_string}"},"query-input":{"@type":"PropertyValueSpecification","valueRequired":true,"valueName":"search_term_string"}}],"inLanguage":"en-US"}]}},"_links":{"self":[{"href":"https:\/\/topnature.rodolfodebernardi.com\/en\/wp-json\/wp\/v2\/pages\/20","targetHints":{"allow":["GET"]}}],"collection":[{"href":"https:\/\/topnature.rodolfodebernardi.com\/en\/wp-json\/wp\/v2\/pages"}],"about":[{"href":"https:\/\/topnature.rodolfodebernardi.com\/en\/wp-json\/wp\/v2\/types\/page"}],"author":[{"embeddable":true,"href":"https:\/\/topnature.rodolfodebernardi.com\/en\/wp-json\/wp\/v2\/users\/2"}],"replies":[{"embeddable":true,"href":"https:\/\/topnature.rodolfodebernardi.com\/en\/wp-json\/wp\/v2\/comments?post=20"}],"version-history":[{"count":88,"href":"https:\/\/topnature.rodolfodebernardi.com\/en\/wp-json\/wp\/v2\/pages\/20\/revisions"}],"predecessor-version":[{"id":1569,"href":"https:\/\/topnature.rodolfodebernardi.com\/en\/wp-json\/wp\/v2\/pages\/20\/revisions\/1569"}],"wp:featuredmedia":[{"embeddable":true,"href":"https:\/\/topnature.rodolfodebernardi.com\/en\/wp-json\/wp\/v2\/media\/30"}],"wp:attachment":[{"href":"https:\/\/topnature.rodolfodebernardi.com\/en\/wp-json\/wp\/v2\/media?parent=20"}],"curies":[{"name":"wp","href":"https:\/\/api.w.org\/{rel}","templated":true}]}}